{"id":1939,"date":"2021-12-09T12:52:21","date_gmt":"2021-12-09T11:52:21","guid":{"rendered":"https:\/\/yamlaminim.org\/?page_id=1939"},"modified":"2021-12-13T10:59:04","modified_gmt":"2021-12-13T09:59:04","slug":"burkina-faso","status":"publish","type":"page","link":"https:\/\/yamlaminim.org\/index.php\/burkina-faso\/","title":{"rendered":"BURKINA FASO"},"content":{"rendered":"<p><div class=\"fusion-fullwidth fullwidth-box fusion-builder-row-1 fusion-flex-container nonhundred-percent-fullwidth non-hundred-percent-height-scrolling\" style=\"background-color: rgba(255,255,255,0);background-position: left top;background-repeat: no-repeat;border-width: 0px 0px 0px 0px;border-color:#eae9e9;border-style:solid;\" ><div class=\"fusion-builder-row fusion-row fusion-flex-align-items-flex-start\" style=\"max-width:1216.8px;margin-left: calc(-4% \/ 2 );margin-right: calc(-4% \/ 2 );\"><div class=\"fusion-layout-column fusion_builder_column fusion-builder-column-0 fusion_builder_column_1_5 1_5 fusion-flex-column\"><div class=\"fusion-column-wrapper fusion-flex-justify-content-flex-start fusion-content-layout-column\" style=\"background-position:left top;background-blend-mode: overlay;background-repeat:no-repeat;-webkit-background-size:cover;-moz-background-size:cover;-o-background-size:cover;background-size:cover;padding: 0px 0px 0px 0px;\"><div class=\"fusion-separator fusion-full-width-sep\" style=\"align-self: center;margin-left: auto;margin-right: auto;width:100%;\"><\/div><\/div><style type=\"text\/css\">.fusion-body .fusion-builder-column-0{width:20% !important;margin-top : 0px;margin-bottom : 20px;}.fusion-builder-column-0 > .fusion-column-wrapper {padding-top : 0px !important;padding-right : 0px !important;margin-right : 9.6%;padding-bottom : 0px !important;padding-left : 0px !important;margin-left : 9.6%;}@media only screen and (max-width:1024px) {.fusion-body .fusion-builder-column-0{width:100% !important;}.fusion-builder-column-0 > .fusion-column-wrapper {margin-right : 1.92%;margin-left : 1.92%;}}@media only screen and (max-width:640px) {.fusion-body .fusion-builder-column-0{width:100% !important;}.fusion-builder-column-0 > .fusion-column-wrapper {margin-right : 1.92%;margin-left : 1.92%;}}<\/style><\/div><div class=\"fusion-layout-column fusion_builder_column fusion-builder-column-1 fusion_builder_column_3_5 3_5 fusion-flex-column\"><div class=\"fusion-column-wrapper fusion-flex-justify-content-flex-start fusion-content-layout-column\" style=\"background-position:left top;background-blend-mode: overlay;background-repeat:no-repeat;-webkit-background-size:cover;-moz-background-size:cover;-o-background-size:cover;background-size:cover;padding: 0px 0px 0px 0px;\"><div class=\"fusion-text fusion-text-1\"><h3>BURKINA FASO<\/h3>\n<\/div><div class=\"fusion-separator\" style=\"align-self: flex-start;margin-right:auto;margin-top:0px;margin-bottom:30px;width:100%;max-width:200px;\"><div class=\"fusion-separator-border sep-single sep-solid\" style=\"border-color:#fec96b;border-top-width:3px;\"><\/div><\/div><div class=\"fusion-text fusion-text-2\" style=\"text-align:justify;\"><h6>Escrito por Gonzalo Lopez<\/h6>\n<p><strong>Yamlaminim<\/strong> act\u00faa en el pa\u00eds africano de <strong>Burkina Faso<\/strong><\/p>\n<div id=\"attachment_1940\" style=\"width: 1010px\" class=\"wp-caption aligncenter\"><img decoding=\"async\" aria-describedby=\"caption-attachment-1940\" class=\"lazyload wp-image-1940 size-full\" src=\"https:\/\/yamlaminim.org\/wp-content\/uploads\/2021\/12\/BURKINA-FASO.jpg\" data-orig-src=\"https:\/\/yamlaminim.org\/wp-content\/uploads\/2021\/12\/BURKINA-FASO.jpg\" alt=\"\" width=\"1000\" height=\"500\" srcset=\"data:image\/svg+xml,%3Csvg%20xmlns%3D%27http%3A%2F%2Fwww.w3.org%2F2000%2Fsvg%27%20width%3D%271000%27%20height%3D%27500%27%20viewBox%3D%270%200%201000%20500%27%3E%3Crect%20width%3D%271000%27%20height%3D%27500%27%20fill-opacity%3D%220%22%2F%3E%3C%2Fsvg%3E\" data-srcset=\"https:\/\/yamlaminim.org\/wp-content\/uploads\/2021\/12\/BURKINA-FASO-200x100.jpg 200w, https:\/\/yamlaminim.org\/wp-content\/uploads\/2021\/12\/BURKINA-FASO-300x150.jpg 300w, https:\/\/yamlaminim.org\/wp-content\/uploads\/2021\/12\/BURKINA-FASO-400x200.jpg 400w, https:\/\/yamlaminim.org\/wp-content\/uploads\/2021\/12\/BURKINA-FASO-600x300.jpg 600w, https:\/\/yamlaminim.org\/wp-content\/uploads\/2021\/12\/BURKINA-FASO-768x384.jpg 768w, https:\/\/yamlaminim.org\/wp-content\/uploads\/2021\/12\/BURKINA-FASO-800x400.jpg 800w, https:\/\/yamlaminim.org\/wp-content\/uploads\/2021\/12\/BURKINA-FASO.jpg 1000w\" data-sizes=\"auto\" data-orig-sizes=\"(max-width: 1000px) 100vw, 1000px\" \/><p id=\"caption-attachment-1940\" class=\"wp-caption-text\">Burkina limita al noroeste con Mal\u00ed, al noreste con N\u00edger, al sur con Costa de Marfil, Ghana, Togo y Ben\u00edn.<\/p><\/div>\n<p>La etnia principal es la <strong>Mossi<\/strong> (40%), si bien existen gran cantidad de etnias, como la <strong>Gurmanch\u00e9, Bwa, Senufos, Gan, Bambaras<\/strong> y en el norte <strong>Tuareg, Peuls, Songhais y Djerma.<\/strong><\/p>\n<p>Burkina Faso se independiza de Francia en 1960. Antiguamente llamado <strong>Rep\u00fablica del Alto Volta<\/strong>, el pa\u00eds fue renombrado el 4 de agosto de 1984 por el presidente Thomas Sankara a Burkina Faso. Su nombre significa \u00abla patria de los hombres \u00edntegros\u00bb en la lengua local mossi (burkina significa \u00edntegro) y en la otra lengua local dyula (faso se traduce como patria).<\/p>\n<p>Burkina Faso es uno de los pa\u00edses m\u00e1s pobres del mundo, con un ingreso bruto por capita de s\u00f3lo 1.200 d\u00f3lares anuales. Esta cifra lo ubica como la 27\u00aa naci\u00f3n m\u00e1s pobre del mundo, junto con otras naciones como la Rep\u00fablica del Congo y Tayikist\u00e1n. Su alto \u00edndice de crecimiento poblaci\u00f3n al junto con la aridez de su suelo son factores que influyen en forma relevante en su \u00edndice de pobreza.<\/p>\n<p>En el a\u00f1o 2007, Burkina Faso contaba con una poblaci\u00f3n de 14.326.000 habitantes. La esperanza de vida es de 49 a\u00f1os, siendo la edad promedio de su poblaci\u00f3n de menos de 17 a\u00f1os. La poblaci\u00f3n se encuentra concentrada en las zonas del sur y centro del pa\u00eds, en algunos casos la densidad es superior a 48 habitantes por kil\u00f3metro cuadrado. El promedio de hijos por mujer es de 6,41, una de las tasas m\u00e1s altas del mundo, lo cual est\u00e1 provocando un aumento poblaci\u00f3n al nunca visto en la historia de este pobre pa\u00eds, con consecuencias tanto econ\u00f3micas como ambientales.<br \/>\nLos proyectos de Yamlaminim est\u00e1n situados en las aldeas de Kourityaoghin y Comin Yanga, a m\u00e1s de 300 km de distancia uno del otro.<\/p>\n<p><img decoding=\"async\" class=\"lazyload size-full wp-image-2064 aligncenter\" src=\"https:\/\/yamlaminim.org\/wp-content\/uploads\/2021\/12\/MAPA.jpg\" data-orig-src=\"https:\/\/yamlaminim.org\/wp-content\/uploads\/2021\/12\/MAPA.jpg\" alt=\"\" width=\"1206\" height=\"871\" srcset=\"data:image\/svg+xml,%3Csvg%20xmlns%3D%27http%3A%2F%2Fwww.w3.org%2F2000%2Fsvg%27%20width%3D%271206%27%20height%3D%27871%27%20viewBox%3D%270%200%201206%20871%27%3E%3Crect%20width%3D%271206%27%20height%3D%27871%27%20fill-opacity%3D%220%22%2F%3E%3C%2Fsvg%3E\" data-srcset=\"https:\/\/yamlaminim.org\/wp-content\/uploads\/2021\/12\/MAPA-200x144.jpg 200w, https:\/\/yamlaminim.org\/wp-content\/uploads\/2021\/12\/MAPA-300x217.jpg 300w, https:\/\/yamlaminim.org\/wp-content\/uploads\/2021\/12\/MAPA-400x289.jpg 400w, https:\/\/yamlaminim.org\/wp-content\/uploads\/2021\/12\/MAPA-600x433.jpg 600w, https:\/\/yamlaminim.org\/wp-content\/uploads\/2021\/12\/MAPA-768x555.jpg 768w, https:\/\/yamlaminim.org\/wp-content\/uploads\/2021\/12\/MAPA-800x578.jpg 800w, https:\/\/yamlaminim.org\/wp-content\/uploads\/2021\/12\/MAPA-1024x740.jpg 1024w, https:\/\/yamlaminim.org\/wp-content\/uploads\/2021\/12\/MAPA-1200x867.jpg 1200w, https:\/\/yamlaminim.org\/wp-content\/uploads\/2021\/12\/MAPA.jpg 1206w\" data-sizes=\"auto\" data-orig-sizes=\"(max-width: 1206px) 100vw, 1206px\" \/><\/p>\n<\/div><\/div><style type=\"text\/css\">.fusion-body .fusion-builder-column-1{width:60% !important;margin-top : 0px;margin-bottom : 20px;}.fusion-builder-column-1 > .fusion-column-wrapper {padding-top : 0px !important;padding-right : 0px !important;margin-right : 3.2%;padding-bottom : 0px !important;padding-left : 0px !important;margin-left : 3.2%;}@media only screen and (max-width:1024px) {.fusion-body .fusion-builder-column-1{width:100% !important;}.fusion-builder-column-1 > .fusion-column-wrapper {margin-right : 1.92%;margin-left : 1.92%;}}@media only screen and (max-width:640px) {.fusion-body .fusion-builder-column-1{width:100% !important;}.fusion-builder-column-1 > .fusion-column-wrapper {margin-right : 1.92%;margin-left : 1.92%;}}<\/style><\/div><div class=\"fusion-layout-column fusion_builder_column fusion-builder-column-2 fusion_builder_column_1_5 1_5 fusion-flex-column\"><div class=\"fusion-column-wrapper fusion-flex-justify-content-flex-start fusion-content-layout-column\" style=\"background-position:left top;background-blend-mode: overlay;background-repeat:no-repeat;-webkit-background-size:cover;-moz-background-size:cover;-o-background-size:cover;background-size:cover;padding: 0px 0px 0px 0px;\"><div class=\"fusion-separator fusion-full-width-sep\" style=\"align-self: center;margin-left: auto;margin-right: auto;width:100%;\"><\/div><\/div><style type=\"text\/css\">.fusion-body .fusion-builder-column-2{width:20% !important;margin-top : 0px;margin-bottom : 20px;}.fusion-builder-column-2 > .fusion-column-wrapper {padding-top : 0px !important;padding-right : 0px !important;margin-right : 9.6%;padding-bottom : 0px !important;padding-left : 0px !important;margin-left : 9.6%;}@media only screen and (max-width:1024px) {.fusion-body .fusion-builder-column-2{width:100% !important;}.fusion-builder-column-2 > .fusion-column-wrapper {margin-right : 1.92%;margin-left : 1.92%;}}@media only screen and (max-width:640px) {.fusion-body .fusion-builder-column-2{width:100% !important;}.fusion-builder-column-2 > .fusion-column-wrapper {margin-right : 1.92%;margin-left : 1.92%;}}<\/style><\/div><\/div><style type=\"text\/css\">.fusion-body .fusion-flex-container.fusion-builder-row-1{ padding-top : 0px;margin-top : 0px;padding-right : 0px;padding-bottom : 0px;margin-bottom : 0px;padding-left : 0px;}<\/style><\/div><div class=\"fusion-fullwidth fullwidth-box fusion-builder-row-2 fusion-flex-container fusion-parallax-none nonhundred-percent-fullwidth non-hundred-percent-height-scrolling lazyload\" style=\"background-color: rgba(255,255,255,0);background-position: center center;background-repeat: no-repeat;border-width: 0px 0px 0px 0px;border-color:#eae9e9;border-style:solid;-webkit-background-size:cover;-moz-background-size:cover;-o-background-size:cover;background-size:cover;\" data-bg=\"https:\/\/yamlaminim.org\/wp-content\/uploads\/2021\/11\/IMG_2458G-scaled.jpg\" ><div class=\"fusion-builder-row fusion-row fusion-flex-align-items-flex-start\" style=\"max-width:calc( 1170px + 0px );margin-left: calc(-0px \/ 2 );margin-right: calc(-0px \/ 2 );\"><div class=\"fusion-layout-column fusion_builder_column fusion-builder-column-3 fusion_builder_column_1_1 1_1 fusion-flex-column\"><div class=\"fusion-column-wrapper fusion-flex-justify-content-flex-start fusion-content-layout-column\" style=\"background-position:left top;background-blend-mode: overlay;background-repeat:no-repeat;-webkit-background-size:cover;-moz-background-size:cover;-o-background-size:cover;background-size:cover;padding: 0px 11% 0px 11%;\"><div class=\"fusion-text fusion-text-3\"><h2 style=\"text-align: center; color: #fff;\" data-darkreader-inline-color=\"\">\u00a1CAMBIA UNA VIDA HOY!<\/h2>\n<\/div><div class=\"fusion-separator\" style=\"align-self: center;margin-left: auto;margin-right: auto;margin-top:0px;margin-bottom:40px;width:100%;max-width:200px;\"><div class=\"fusion-separator-border sep-single sep-solid\" style=\"border-color:#fec96b;border-top-width:3px;\"><\/div><\/div><div class=\"fusion-text fusion-text-4\" style=\"text-align:justify;\"><p style=\"text-align: justify; font-size: 24px; color: #ffffff; font-weight: 300;\" data-darkreader-inline-color=\"\">Mientras la pobreza, la injusticia y la desigualdad persistan, ninguno de nosotros podr\u00e1 descansar de verdad. No hace falta mucho para cambiar una vida. Ponte en contacto hoy mismo y empieza a marcar la diferencia.<\/p>\n<\/div><div class=\"fusion-separator fusion-full-width-sep\" style=\"align-self: center;margin-left: auto;margin-right: auto;margin-top:25px;width:100%;\"><\/div><div class=\"fusion-builder-row fusion-builder-row-inner fusion-row fusion-flex-align-items-flex-start\" style=\"width:calc( 100% + 0px ) !important;max-width:calc( 100% + 0px ) !important;margin-left: calc(-0px \/ 2 );margin-right: calc(-0px \/ 2 );\"><div class=\"fusion-layout-column fusion_builder_column_inner fusion-builder-nested-column-0 fusion_builder_column_inner_1_5 1_5 fusion-flex-column\"><div class=\"fusion-column-wrapper fusion-flex-justify-content-flex-start fusion-content-layout-column\" style=\"background-position:left top;background-repeat:no-repeat;-webkit-background-size:cover;-moz-background-size:cover;-o-background-size:cover;background-size:cover;padding: 0px 0px 0px 0px;\"><\/div><style type=\"text\/css\">.fusion-body .fusion-builder-nested-column-0{width:20% !important;margin-top : 0px;margin-bottom : 20px;}.fusion-builder-nested-column-0 > .fusion-column-wrapper {padding-top : 0px !important;padding-right : 0px !important;margin-right : 0px;padding-bottom : 0px !important;padding-left : 0px !important;margin-left : 0px;}@media only screen and (max-width:1024px) {.fusion-body .fusion-builder-nested-column-0{width:100% !important;order : 0;}.fusion-builder-nested-column-0 > .fusion-column-wrapper {margin-right : 0px;margin-left : 0px;}}@media only screen and (max-width:640px) {.fusion-body .fusion-builder-nested-column-0{width:100% !important;order : 0;}.fusion-builder-nested-column-0 > .fusion-column-wrapper {margin-right : 0px;margin-left : 0px;}}<\/style><\/div><div class=\"fusion-layout-column fusion_builder_column_inner fusion-builder-nested-column-1 fusion_builder_column_inner_1_5 1_5 fusion-flex-column\"><div class=\"fusion-column-wrapper fusion-flex-justify-content-flex-start fusion-content-layout-column\" style=\"background-position:left top;background-repeat:no-repeat;-webkit-background-size:cover;-moz-background-size:cover;-o-background-size:cover;background-size:cover;padding: 0px 0px 0px 0px;\"><\/div><style type=\"text\/css\">.fusion-body .fusion-builder-nested-column-1{width:20% !important;margin-top : 0px;margin-bottom : 20px;}.fusion-builder-nested-column-1 > .fusion-column-wrapper {padding-top : 0px !important;padding-right : 0px !important;margin-right : 0px;padding-bottom : 0px !important;padding-left : 0px !important;margin-left : 0px;}@media only screen and (max-width:1024px) {.fusion-body .fusion-builder-nested-column-1{width:100% !important;order : 0;}.fusion-builder-nested-column-1 > .fusion-column-wrapper {margin-right : 0px;margin-left : 0px;}}@media only screen and (max-width:640px) {.fusion-body .fusion-builder-nested-column-1{width:100% !important;order : 0;}.fusion-builder-nested-column-1 > .fusion-column-wrapper {margin-right : 0px;margin-left : 0px;}}<\/style><\/div><div class=\"fusion-layout-column fusion_builder_column_inner fusion-builder-nested-column-2 fusion_builder_column_inner_1_5 1_5 fusion-flex-column\"><div class=\"fusion-column-wrapper fusion-flex-justify-content-flex-start fusion-content-layout-column\" style=\"background-position:left top;background-repeat:no-repeat;-webkit-background-size:cover;-moz-background-size:cover;-o-background-size:cover;background-size:cover;padding: 0px 0px 0px 0px;\"><div style=\"text-align:center;\"><style>.fusion-button.button-1{border-color:#fec96b;border-width:2px 2px 2px 2px;border-radius:0px 0px 0px 0px;background:rgba(254,201,107,0);}.fusion-button.button-1 .fusion-button-text,.fusion-button.button-1 i,.fusion-button.button-1:hover .fusion-button-text,.fusion-button.button-1:hover i,.fusion-button.button-1:focus .fusion-button-text,.fusion-button.button-1:focus i,.fusion-button.button-1:active .fusion-button-text,.fusion-button.button-1:active i{color:#fec96b;}.fusion-button.button-1:hover,.fusion-button.button-1:active,.fusion-button.button-1:focus{border-color:#fec96b;border-width:2px 2px 2px 2px;background:rgba(0,0,0,0);}<\/style><a class=\"fusion-button button-flat fusion-button-default-size button-custom button-1 fusion-button-default-span fusion-button-default-type\" target=\"_self\" href=\"https:\/\/yamlaminim.org\/index.php\/donar\/\"><span class=\"fusion-button-text\">COLABORA<\/span><\/a><\/div><\/div><style type=\"text\/css\">.fusion-body .fusion-builder-nested-column-2{width:20% !important;margin-top : 0px;margin-bottom : 20px;}.fusion-builder-nested-column-2 > .fusion-column-wrapper {padding-top : 0px !important;padding-right : 0px !important;margin-right : 0px;padding-bottom : 0px !important;padding-left : 0px !important;margin-left : 0px;}@media only screen and (max-width:1024px) {.fusion-body .fusion-builder-nested-column-2{width:100% !important;order : 0;}.fusion-builder-nested-column-2 > .fusion-column-wrapper {margin-right : 0px;margin-left : 0px;}}@media only screen and (max-width:640px) {.fusion-body .fusion-builder-nested-column-2{width:100% !important;order : 0;}.fusion-builder-nested-column-2 > .fusion-column-wrapper {margin-right : 0px;margin-left : 0px;}}<\/style><\/div><div class=\"fusion-layout-column fusion_builder_column_inner fusion-builder-nested-column-3 fusion_builder_column_inner_1_4 1_4 fusion-flex-column\"><div class=\"fusion-column-wrapper fusion-flex-justify-content-flex-start fusion-content-layout-column\" style=\"background-position:left top;background-blend-mode: overlay;background-repeat:no-repeat;-webkit-background-size:cover;-moz-background-size:cover;-o-background-size:cover;background-size:cover;padding: 0px 0px 0px 0px;\"><\/div><style type=\"text\/css\">.fusion-body .fusion-builder-nested-column-3{width:25% !important;margin-top : 0px;margin-bottom : 20px;}.fusion-builder-nested-column-3 > .fusion-column-wrapper {padding-top : 0px !important;padding-right : 0px !important;margin-right : 0px;padding-bottom : 0px !important;padding-left : 0px !important;margin-left : 0px;}@media only screen and (max-width:1024px) {.fusion-body .fusion-builder-nested-column-3{width:100% !important;}.fusion-builder-nested-column-3 > .fusion-column-wrapper {margin-right : 0px;margin-left : 0px;}}@media only screen and (max-width:640px) {.fusion-body .fusion-builder-nested-column-3{width:100% !important;}.fusion-builder-nested-column-3 > .fusion-column-wrapper {margin-right : 0px;margin-left : 0px;}}<\/style><\/div><\/div><\/div><style type=\"text\/css\">.fusion-body .fusion-builder-column-3{width:100% !important;margin-top : 0px;margin-bottom : 20px;}.fusion-builder-column-3 > .fusion-column-wrapper {padding-top : 0px !important;padding-right : 11% !important;margin-right : 0px;padding-bottom : 0px !important;padding-left : 11% !important;margin-left : 0px;}@media only screen and (max-width:1024px) {.fusion-body .fusion-builder-column-3{width:100% !important;}.fusion-builder-column-3 > .fusion-column-wrapper {margin-right : 0px;margin-left : 0px;}}@media only screen and (max-width:640px) {.fusion-body .fusion-builder-column-3{width:100% !important;}.fusion-builder-column-3 > .fusion-column-wrapper {margin-right : 0px;margin-left : 0px;}}<\/style><\/div><\/div><style type=\"text\/css\">.fusion-body .fusion-flex-container.fusion-builder-row-2{ padding-top : 150px;margin-top : 0px;padding-right : 0px;padding-bottom : 150px;margin-bottom : 0px;padding-left : 0px;}<\/style><\/div>\n<\/p>\n","protected":false},"excerpt":{"rendered":"","protected":false},"author":1,"featured_media":0,"parent":0,"menu_order":0,"comment_status":"closed","ping_status":"closed","template":"","meta":{"footnotes":""},"class_list":["post-1939","page","type-page","status-publish","hentry"],"_links":{"self":[{"href":"https:\/\/yamlaminim.org\/index.php\/wp-json\/wp\/v2\/pages\/1939","targetHints":{"allow":["GET"]}}],"collection":[{"href":"https:\/\/yamlaminim.org\/index.php\/wp-json\/wp\/v2\/pages"}],"about":[{"href":"https:\/\/yamlaminim.org\/index.php\/wp-json\/wp\/v2\/types\/page"}],"author":[{"embeddable":true,"href":"https:\/\/yamlaminim.org\/index.php\/wp-json\/wp\/v2\/users\/1"}],"replies":[{"embeddable":true,"href":"https:\/\/yamlaminim.org\/index.php\/wp-json\/wp\/v2\/comments?post=1939"}],"version-history":[{"count":8,"href":"https:\/\/yamlaminim.org\/index.php\/wp-json\/wp\/v2\/pages\/1939\/revisions"}],"predecessor-version":[{"id":2068,"href":"https:\/\/yamlaminim.org\/index.php\/wp-json\/wp\/v2\/pages\/1939\/revisions\/2068"}],"wp:attachment":[{"href":"https:\/\/yamlaminim.org\/index.php\/wp-json\/wp\/v2\/media?parent=1939"}],"curies":[{"name":"wp","href":"https:\/\/api.w.org\/{rel}","templated":true}]}}